{"id":18,"date":"2024-08-15T18:18:17","date_gmt":"2024-08-15T18:18:17","guid":{"rendered":"https:\/\/axovie.com.mx\/?page_id=18"},"modified":"2024-08-15T19:20:02","modified_gmt":"2024-08-15T19:20:02","slug":"home","status":"publish","type":"page","link":"https:\/\/axovie.com.mx\/","title":{"rendered":"Home"},"content":{"rendered":"\t\t<div data-elementor-type=\"wp-page\" data-elementor-id=\"18\" class=\"elementor elementor-18\">\n\t\t\t\t\t\t<section class=\"elementor-section elementor-top-section elementor-element elementor-element-138b76f elementor-section-boxed elementor-section-height-default elementor-section-height-default\" data-id=\"138b76f\" data-element_type=\"section\">\n\t\t\t\t\t\t<div class=\"elementor-container elementor-column-gap-default\">\n\t\t\t\t\t<div class=\"elementor-column elementor-col-100 elementor-top-column elementor-element elementor-element-be822d2\" data-id=\"be822d2\" data-element_type=\"column\">\n\t\t\t<div class=\"elementor-widget-wrap elementor-element-populated\">\n\t\t\t\t\t\t<div class=\"elementor-element elementor-element-fa38d0e elementor-widget elementor-widget-heading\" data-id=\"fa38d0e\" data-element_type=\"widget\" data-widget_type=\"heading.default\">\n\t\t\t\t<div class=\"elementor-widget-container\">\n\t\t\t<h2 class=\"elementor-heading-title elementor-size-default\">por el momento nuestro sitio est\u00e1 en construcci\u00f3n<\/h2>\t\t<\/div>\n\t\t\t\t<\/div>\n\t\t\t\t\t<\/div>\n\t\t<\/div>\n\t\t\t\t\t<\/div>\n\t\t<\/section>\n\t\t\t\t<section class=\"elementor-section elementor-top-section elementor-element elementor-element-abf1371 elementor-section-boxed elementor-section-height-default elementor-section-height-default\" data-id=\"abf1371\" data-element_type=\"section\">\n\t\t\t\t\t\t<div class=\"elementor-container elementor-column-gap-default\">\n\t\t\t\t\t<div class=\"elementor-column elementor-col-100 elementor-top-column elementor-element elementor-element-7fef48b\" data-id=\"7fef48b\" data-element_type=\"column\">\n\t\t\t<div class=\"elementor-widget-wrap elementor-element-populated\">\n\t\t\t\t\t\t<div class=\"elementor-element elementor-element-c7783cd elementor-widget elementor-widget-text-editor\" data-id=\"c7783cd\" data-element_type=\"widget\" data-widget_type=\"text-editor.default\">\n\t\t\t\t<div class=\"elementor-widget-container\">\n\t\t\t\t\t\t\t<p>Te invitamos a contactarnos por nuestras redes sociales o las m\u00faltiples formas de comunicaci\u00f3n que tenemos en nuestro <a href=\"https:\/\/axovie.com.mx\/Linktree\">linktree<\/a><\/p>\t\t\t\t\t\t<\/div>\n\t\t\t\t<\/div>\n\t\t\t\t<div class=\"elementor-element elementor-element-d9fbba6 elementor-widget elementor-widget-image\" data-id=\"d9fbba6\" data-element_type=\"widget\" data-widget_type=\"image.default\">\n\t\t\t\t<div class=\"elementor-widget-container\">\n\t\t\t\t\t\t\t\t\t\t\t\t\t<img fetchpriority=\"high\" decoding=\"async\" width=\"1024\" height=\"340\" src=\"https:\/\/axovie.com.mx\/wp-content\/uploads\/2024\/08\/Artboard-1-1024x340.jpg\" class=\"attachment-large size-large wp-image-40\" alt=\"\" srcset=\"https:\/\/axovie.com.mx\/wp-content\/uploads\/2024\/08\/Artboard-1-1024x340.jpg 1024w, https:\/\/axovie.com.mx\/wp-content\/uploads\/2024\/08\/Artboard-1-300x100.jpg 300w, https:\/\/axovie.com.mx\/wp-content\/uploads\/2024\/08\/Artboard-1-768x255.jpg 768w, https:\/\/axovie.com.mx\/wp-content\/uploads\/2024\/08\/Artboard-1-1536x510.jpg 1536w, https:\/\/axovie.com.mx\/wp-content\/uploads\/2024\/08\/Artboard-1-2048x680.jpg 2048w\" sizes=\"(max-width: 1024px) 100vw, 1024px\" \/>\t\t\t\t\t\t\t\t\t\t\t\t\t<\/div>\n\t\t\t\t<\/div>\n\t\t\t\t<div class=\"elementor-element elementor-element-b33c4c2 elementor-view-default elementor-position-top elementor-mobile-position-top elementor-widget elementor-widget-icon-box\" data-id=\"b33c4c2\" data-element_type=\"widget\" data-widget_type=\"icon-box.default\">\n\t\t\t\t<div class=\"elementor-widget-container\">\n\t\t\t\t\t<div class=\"elementor-icon-box-wrapper\">\n\n\t\t\t\t\t\t<div class=\"elementor-icon-box-icon\">\n\t\t\t\t<span  class=\"elementor-icon elementor-animation-\">\n\t\t\t\t<svg aria-hidden=\"true\" class=\"e-font-icon-svg e-fab-whatsapp\" viewBox=\"0 0 448 512\" xmlns=\"http:\/\/www.w3.org\/2000\/svg\"><path d=\"M380.9 97.1C339 55.1 283.2 32 223.9 32c-122.4 0-222 99.6-222 222 0 39.1 10.2 77.3 29.6 111L0 480l117.7-30.9c32.4 17.7 68.9 27 106.1 27h.1c122.3 0 224.1-99.6 224.1-222 0-59.3-25.2-115-67.1-157zm-157 341.6c-33.2 0-65.7-8.9-94-25.7l-6.7-4-69.8 18.3L72 359.2l-4.4-7c-18.5-29.4-28.2-63.3-28.2-98.2 0-101.7 82.8-184.5 184.6-184.5 49.3 0 95.6 19.2 130.4 54.1 34.8 34.9 56.2 81.2 56.1 130.5 0 101.8-84.9 184.6-186.6 184.6zm101.2-138.2c-5.5-2.8-32.8-16.2-37.9-18-5.1-1.9-8.8-2.8-12.5 2.8-3.7 5.6-14.3 18-17.6 21.8-3.2 3.7-6.5 4.2-12 1.4-32.6-16.3-54-29.1-75.5-66-5.7-9.8 5.7-9.1 16.3-30.3 1.8-3.7.9-6.9-.5-9.7-1.4-2.8-12.5-30.1-17.1-41.2-4.5-10.8-9.1-9.3-12.5-9.5-3.2-.2-6.9-.2-10.6-.2-3.7 0-9.7 1.4-14.8 6.9-5.1 5.6-19.4 19-19.4 46.3 0 27.3 19.9 53.7 22.6 57.4 2.8 3.7 39.1 59.7 94.8 83.8 35.2 15.2 49 16.5 66.6 13.9 10.7-1.6 32.8-13.4 37.4-26.4 4.6-13 4.6-24.1 3.2-26.4-1.3-2.5-5-3.9-10.5-6.6z\"><\/path><\/svg>\t\t\t\t<\/span>\n\t\t\t<\/div>\n\t\t\t\n\t\t\t\t\t\t<div class=\"elementor-icon-box-content\">\n\n\t\t\t\t\t\t\t\t\t<h2 class=\"elementor-icon-box-title\">\n\t\t\t\t\t\t<span  >\n\t\t\t\t\t\t\t4424532264\t\t\t\t\t\t<\/span>\n\t\t\t\t\t<\/h2>\n\t\t\t\t\n\t\t\t\t\n\t\t\t<\/div>\n\t\t\t\n\t\t<\/div>\n\t\t\t\t<\/div>\n\t\t\t\t<\/div>\n\t\t\t\t<div class=\"elementor-element elementor-element-bfae0d3 elementor-align-center elementor-widget elementor-widget-button\" data-id=\"bfae0d3\" data-element_type=\"widget\" data-widget_type=\"button.default\">\n\t\t\t\t<div class=\"elementor-widget-container\">\n\t\t\t\t\t<div class=\"elementor-button-wrapper\">\n\t\t\t<a class=\"elementor-button elementor-button-link elementor-size-sm\" href=\"https:\/\/axovie.com.mx\/Linktree\/\">\n\t\t\t\t\t\t<span class=\"elementor-button-content-wrapper\">\n\t\t\t\t\t\t\t\t\t<span class=\"elementor-button-text\">Ve nuestro linktree<\/span>\n\t\t\t\t\t<\/span>\n\t\t\t\t\t<\/a>\n\t\t<\/div>\n\t\t\t\t<\/div>\n\t\t\t\t<\/div>\n\t\t\t\t\t<\/div>\n\t\t<\/div>\n\t\t\t\t\t<\/div>\n\t\t<\/section>\n\t\t\t\t<\/div>\n\t\t","protected":false},"excerpt":{"rendered":"<p>por el momento nuestro sitio est\u00e1 en construcci\u00f3n Te invitamos a contactarnos por nuestras redes sociales o las m\u00faltiples formas [&hellip;]<\/p>\n","protected":false},"author":1,"featured_media":0,"parent":0,"menu_order":0,"comment_status":"closed","ping_status":"closed","template":"","meta":{"site-sidebar-layout":"default","site-content-layout":"","ast-site-content-layout":"","site-content-style":"default","site-sidebar-style":"default","ast-global-header-display":"","ast-banner-title-visibility":"","ast-main-header-display":"","ast-hfb-above-header-display":"","ast-hfb-below-header-display":"","ast-hfb-mobile-header-display":"","site-post-title":"","ast-breadcrumbs-content":"","ast-featured-img":"","footer-sml-layout":"","theme-transparent-header-meta":"","adv-header-id-meta":"","stick-header-meta":"","header-above-stick-meta":"","header-main-stick-meta":"","header-below-stick-meta":"","astra-migrate-meta-layouts":"default","ast-page-background-enabled":"default","ast-page-background-meta":{"desktop":{"background-color":"var(--ast-global-color-4)","background-image":"","background-repeat":"repeat","background-position":"center center","background-size":"auto","background-attachment":"scroll","background-type":"","background-media":"","overlay-type":"","overlay-color":"","overlay-opacity":"","overlay-gradient":""},"tablet":{"background-color":"","background-image":"","background-repeat":"repeat","background-position":"center center","background-size":"auto","background-attachment":"scroll","background-type":"","background-media":"","overlay-type":"","overlay-color":"","overlay-opacity":"","overlay-gradient":""},"mobile":{"background-color":"","background-image":"","background-repeat":"repeat","background-position":"center center","background-size":"auto","background-attachment":"scroll","background-type":"","background-media":"","overlay-type":"","overlay-color":"","overlay-opacity":"","overlay-gradient":""}},"ast-content-background-meta":{"desktop":{"background-color":"var(--ast-global-color-5)","background-image":"","background-repeat":"repeat","background-position":"center center","background-size":"auto","background-attachment":"scroll","background-type":"","background-media":"","overlay-type":"","overlay-color":"","overlay-opacity":"","overlay-gradient":""},"tablet":{"background-color":"var(--ast-global-color-5)","background-image":"","background-repeat":"repeat","background-position":"center center","background-size":"auto","background-attachment":"scroll","background-type":"","background-media":"","overlay-type":"","overlay-color":"","overlay-opacity":"","overlay-gradient":""},"mobile":{"background-color":"var(--ast-global-color-5)","background-image":"","background-repeat":"repeat","background-position":"center center","background-size":"auto","background-attachment":"scroll","background-type":"","background-media":"","overlay-type":"","overlay-color":"","overlay-opacity":"","overlay-gradient":""}},"footnotes":""},"class_list":["post-18","page","type-page","status-publish","hentry"],"yoast_head":"<!-- This site is optimized with the Yoast SEO plugin v23.7 - https:\/\/yoast.com\/wordpress\/plugins\/seo\/ -->\n<title>Home - Axovie<\/title>\n<meta name=\"robots\" content=\"index, follow, max-snippet:-1, max-image-preview:large, max-video-preview:-1\" \/>\n<link rel=\"canonical\" href=\"https:\/\/axovie.com.mx\/\" \/>\n<meta property=\"og:locale\" content=\"es_ES\" \/>\n<meta property=\"og:type\" content=\"article\" \/>\n<meta property=\"og:title\" content=\"Home - Axovie\" \/>\n<meta property=\"og:description\" content=\"por el momento nuestro sitio est\u00e1 en construcci\u00f3n Te invitamos a contactarnos por nuestras redes sociales o las m\u00faltiples formas [&hellip;]\" \/>\n<meta property=\"og:url\" content=\"https:\/\/axovie.com.mx\/\" \/>\n<meta property=\"og:site_name\" content=\"Axovie\" \/>\n<meta property=\"article:modified_time\" content=\"2024-08-15T19:20:02+00:00\" \/>\n<meta property=\"og:image\" content=\"https:\/\/axovie.com.mx\/wp-content\/uploads\/2024\/08\/Artboard-1-1024x340.jpg\" \/>\n<meta name=\"twitter:card\" content=\"summary_large_image\" \/>\n<meta name=\"twitter:label1\" content=\"Tiempo de lectura\" \/>\n\t<meta name=\"twitter:data1\" content=\"1 minuto\" \/>\n<script type=\"application\/ld+json\" class=\"yoast-schema-graph\">{\"@context\":\"https:\/\/schema.org\",\"@graph\":[{\"@type\":\"WebPage\",\"@id\":\"https:\/\/axovie.com.mx\/\",\"url\":\"https:\/\/axovie.com.mx\/\",\"name\":\"Home - Axovie\",\"isPartOf\":{\"@id\":\"https:\/\/axovie.com.mx\/#website\"},\"primaryImageOfPage\":{\"@id\":\"https:\/\/axovie.com.mx\/#primaryimage\"},\"image\":{\"@id\":\"https:\/\/axovie.com.mx\/#primaryimage\"},\"thumbnailUrl\":\"https:\/\/axovie.com.mx\/wp-content\/uploads\/2024\/08\/Artboard-1-1024x340.jpg\",\"datePublished\":\"2024-08-15T18:18:17+00:00\",\"dateModified\":\"2024-08-15T19:20:02+00:00\",\"breadcrumb\":{\"@id\":\"https:\/\/axovie.com.mx\/#breadcrumb\"},\"inLanguage\":\"es\",\"potentialAction\":[{\"@type\":\"ReadAction\",\"target\":[\"https:\/\/axovie.com.mx\/\"]}]},{\"@type\":\"ImageObject\",\"inLanguage\":\"es\",\"@id\":\"https:\/\/axovie.com.mx\/#primaryimage\",\"url\":\"https:\/\/axovie.com.mx\/wp-content\/uploads\/2024\/08\/Artboard-1-scaled.jpg\",\"contentUrl\":\"https:\/\/axovie.com.mx\/wp-content\/uploads\/2024\/08\/Artboard-1-scaled.jpg\",\"width\":2560,\"height\":850},{\"@type\":\"BreadcrumbList\",\"@id\":\"https:\/\/axovie.com.mx\/#breadcrumb\",\"itemListElement\":[{\"@type\":\"ListItem\",\"position\":1,\"name\":\"Portada\",\"item\":\"https:\/\/axovie.com.mx\/\"},{\"@type\":\"ListItem\",\"position\":2,\"name\":\"Home\"}]},{\"@type\":\"WebSite\",\"@id\":\"https:\/\/axovie.com.mx\/#website\",\"url\":\"https:\/\/axovie.com.mx\/\",\"name\":\"Axovie\",\"description\":\"\",\"publisher\":{\"@id\":\"https:\/\/axovie.com.mx\/#organization\"},\"potentialAction\":[{\"@type\":\"SearchAction\",\"target\":{\"@type\":\"EntryPoint\",\"urlTemplate\":\"https:\/\/axovie.com.mx\/?s={search_term_string}\"},\"query-input\":{\"@type\":\"PropertyValueSpecification\",\"valueRequired\":true,\"valueName\":\"search_term_string\"}}],\"inLanguage\":\"es\"},{\"@type\":\"Organization\",\"@id\":\"https:\/\/axovie.com.mx\/#organization\",\"name\":\"Axovie\",\"url\":\"https:\/\/axovie.com.mx\/\",\"logo\":{\"@type\":\"ImageObject\",\"inLanguage\":\"es\",\"@id\":\"https:\/\/axovie.com.mx\/#\/schema\/logo\/image\/\",\"url\":\"https:\/\/axovie.com.mx\/wp-content\/uploads\/2024\/08\/cropped-AXAxovie.jpg\",\"contentUrl\":\"https:\/\/axovie.com.mx\/wp-content\/uploads\/2024\/08\/cropped-AXAxovie.jpg\",\"width\":1519,\"height\":1044,\"caption\":\"Axovie\"},\"image\":{\"@id\":\"https:\/\/axovie.com.mx\/#\/schema\/logo\/image\/\"}}]}<\/script>\n<!-- \/ Yoast SEO plugin. -->","yoast_head_json":{"title":"Home - Axovie","robots":{"index":"index","follow":"follow","max-snippet":"max-snippet:-1","max-image-preview":"max-image-preview:large","max-video-preview":"max-video-preview:-1"},"canonical":"https:\/\/axovie.com.mx\/","og_locale":"es_ES","og_type":"article","og_title":"Home - Axovie","og_description":"por el momento nuestro sitio est\u00e1 en construcci\u00f3n Te invitamos a contactarnos por nuestras redes sociales o las m\u00faltiples formas [&hellip;]","og_url":"https:\/\/axovie.com.mx\/","og_site_name":"Axovie","article_modified_time":"2024-08-15T19:20:02+00:00","og_image":[{"url":"https:\/\/axovie.com.mx\/wp-content\/uploads\/2024\/08\/Artboard-1-1024x340.jpg"}],"twitter_card":"summary_large_image","twitter_misc":{"Tiempo de lectura":"1 minuto"},"schema":{"@context":"https:\/\/schema.org","@graph":[{"@type":"WebPage","@id":"https:\/\/axovie.com.mx\/","url":"https:\/\/axovie.com.mx\/","name":"Home - Axovie","isPartOf":{"@id":"https:\/\/axovie.com.mx\/#website"},"primaryImageOfPage":{"@id":"https:\/\/axovie.com.mx\/#primaryimage"},"image":{"@id":"https:\/\/axovie.com.mx\/#primaryimage"},"thumbnailUrl":"https:\/\/axovie.com.mx\/wp-content\/uploads\/2024\/08\/Artboard-1-1024x340.jpg","datePublished":"2024-08-15T18:18:17+00:00","dateModified":"2024-08-15T19:20:02+00:00","breadcrumb":{"@id":"https:\/\/axovie.com.mx\/#breadcrumb"},"inLanguage":"es","potentialAction":[{"@type":"ReadAction","target":["https:\/\/axovie.com.mx\/"]}]},{"@type":"ImageObject","inLanguage":"es","@id":"https:\/\/axovie.com.mx\/#primaryimage","url":"https:\/\/axovie.com.mx\/wp-content\/uploads\/2024\/08\/Artboard-1-scaled.jpg","contentUrl":"https:\/\/axovie.com.mx\/wp-content\/uploads\/2024\/08\/Artboard-1-scaled.jpg","width":2560,"height":850},{"@type":"BreadcrumbList","@id":"https:\/\/axovie.com.mx\/#breadcrumb","itemListElement":[{"@type":"ListItem","position":1,"name":"Portada","item":"https:\/\/axovie.com.mx\/"},{"@type":"ListItem","position":2,"name":"Home"}]},{"@type":"WebSite","@id":"https:\/\/axovie.com.mx\/#website","url":"https:\/\/axovie.com.mx\/","name":"Axovie","description":"","publisher":{"@id":"https:\/\/axovie.com.mx\/#organization"},"potentialAction":[{"@type":"SearchAction","target":{"@type":"EntryPoint","urlTemplate":"https:\/\/axovie.com.mx\/?s={search_term_string}"},"query-input":{"@type":"PropertyValueSpecification","valueRequired":true,"valueName":"search_term_string"}}],"inLanguage":"es"},{"@type":"Organization","@id":"https:\/\/axovie.com.mx\/#organization","name":"Axovie","url":"https:\/\/axovie.com.mx\/","logo":{"@type":"ImageObject","inLanguage":"es","@id":"https:\/\/axovie.com.mx\/#\/schema\/logo\/image\/","url":"https:\/\/axovie.com.mx\/wp-content\/uploads\/2024\/08\/cropped-AXAxovie.jpg","contentUrl":"https:\/\/axovie.com.mx\/wp-content\/uploads\/2024\/08\/cropped-AXAxovie.jpg","width":1519,"height":1044,"caption":"Axovie"},"image":{"@id":"https:\/\/axovie.com.mx\/#\/schema\/logo\/image\/"}}]}},"_links":{"self":[{"href":"https:\/\/axovie.com.mx\/index.php\/wp-json\/wp\/v2\/pages\/18","targetHints":{"allow":["GET"]}}],"collection":[{"href":"https:\/\/axovie.com.mx\/index.php\/wp-json\/wp\/v2\/pages"}],"about":[{"href":"https:\/\/axovie.com.mx\/index.php\/wp-json\/wp\/v2\/types\/page"}],"author":[{"embeddable":true,"href":"https:\/\/axovie.com.mx\/index.php\/wp-json\/wp\/v2\/users\/1"}],"replies":[{"embeddable":true,"href":"https:\/\/axovie.com.mx\/index.php\/wp-json\/wp\/v2\/comments?post=18"}],"version-history":[{"count":14,"href":"https:\/\/axovie.com.mx\/index.php\/wp-json\/wp\/v2\/pages\/18\/revisions"}],"predecessor-version":[{"id":43,"href":"https:\/\/axovie.com.mx\/index.php\/wp-json\/wp\/v2\/pages\/18\/revisions\/43"}],"wp:attachment":[{"href":"https:\/\/axovie.com.mx\/index.php\/wp-json\/wp\/v2\/media?parent=18"}],"curies":[{"name":"wp","href":"https:\/\/api.w.org\/{rel}","templated":true}]}}